{"id":1240,"date":"2025-03-26T14:46:59","date_gmt":"2025-03-26T13:46:59","guid":{"rendered":"https:\/\/hyundai.boadella.com\/actualidad\/"},"modified":"2025-11-20T15:59:43","modified_gmt":"2025-11-20T14:59:43","slug":"actualidad","status":"publish","type":"page","link":"https:\/\/hyundai.boadella.com\/es\/actualidad\/","title":{"rendered":"Actualidad"},"content":{"rendered":"\t\t<div data-elementor-type=\"wp-page\" data-elementor-id=\"1240\" class=\"elementor elementor-1240 elementor-488\" data-elementor-post-type=\"page\">\n\t\t\t\t\t\t<section class=\"elementor-section elementor-top-section elementor-element elementor-element-57894e78 elementor-hidden-desktop elementor-hidden-tablet elementor-hidden-mobile elementor-section-boxed elementor-section-height-default elementor-section-height-default\" data-id=\"57894e78\" data-element_type=\"section\" data-e-type=\"section\" data-settings=\"{&quot;background_background&quot;:&quot;classic&quot;}\">\n\t\t\t\t\t\t\t<div class=\"elementor-background-overlay\"><\/div>\n\t\t\t\t\t\t\t<div class=\"elementor-container elementor-column-gap-default\">\n\t\t\t\t\t<div class=\"elementor-column elementor-col-100 elementor-top-column elementor-element elementor-element-a4e8eee\" data-id=\"a4e8eee\" data-element_type=\"column\" data-e-type=\"column\">\n\t\t\t<div class=\"elementor-widget-wrap elementor-element-populated\">\n\t\t\t\t\t\t<div class=\"elementor-element elementor-element-284bdf78 elementor-widget elementor-widget-heading\" data-id=\"284bdf78\" data-element_type=\"widget\" data-e-type=\"widget\" data-widget_type=\"heading.default\">\n\t\t\t\t<div class=\"elementor-widget-container\">\n\t\t\t\t\t<h1 class=\"elementor-heading-title elementor-size-default\">ACTUALIDAD<\/h1>\t\t\t\t<\/div>\n\t\t\t\t<\/div>\n\t\t\t\t\t<\/div>\n\t\t<\/div>\n\t\t\t\t\t<\/div>\n\t\t<\/section>\n\t\t<div class=\"elementor-element elementor-element-1a6b757 e-flex e-con-boxed e-con e-parent\" data-id=\"1a6b757\" data-element_type=\"container\" data-e-type=\"container\" data-settings=\"{&quot;background_background&quot;:&quot;classic&quot;}\">\n\t\t\t\t\t<div class=\"e-con-inner\">\n\t\t<div class=\"elementor-element elementor-element-d258ac9 e-con-full e-flex e-con e-child\" data-id=\"d258ac9\" data-element_type=\"container\" data-e-type=\"container\">\n\t\t\t\t<div class=\"elementor-element elementor-element-c897480 elementor-invisible elementor-widget elementor-widget-heading\" data-id=\"c897480\" data-element_type=\"widget\" data-e-type=\"widget\" data-settings=\"{&quot;_animation&quot;:&quot;fadeIn&quot;}\" data-widget_type=\"heading.default\">\n\t\t\t\t<div class=\"elementor-widget-container\">\n\t\t\t\t\t<h6 class=\"elementor-heading-title elementor-size-default\">Inf\u00f3rmate, f\u00f3rmate y ant\u00edcate<\/h6>\t\t\t\t<\/div>\n\t\t\t\t<\/div>\n\t\t\t\t<div class=\"elementor-element elementor-element-f76431d elementor-invisible elementor-widget elementor-widget-heading\" data-id=\"f76431d\" data-element_type=\"widget\" data-e-type=\"widget\" data-settings=\"{&quot;_animation&quot;:&quot;fadeIn&quot;}\" data-widget_type=\"heading.default\">\n\t\t\t\t<div class=\"elementor-widget-container\">\n\t\t\t\t\t<h2 class=\"elementor-heading-title elementor-size-default\">El mundo Hyundai,<\/h2>\t\t\t\t<\/div>\n\t\t\t\t<\/div>\n\t\t\t\t<div class=\"elementor-element elementor-element-62169d3 elementor-widget__width-auto elementor-invisible elementor-widget elementor-widget-heading\" data-id=\"62169d3\" data-element_type=\"widget\" data-e-type=\"widget\" data-settings=\"{&quot;_animation&quot;:&quot;fadeInLeft&quot;}\" data-widget_type=\"heading.default\">\n\t\t\t\t<div class=\"elementor-widget-container\">\n\t\t\t\t\t<h2 class=\"elementor-heading-title elementor-size-default\">en constante evoluci\u00f3n<\/h2>\t\t\t\t<\/div>\n\t\t\t\t<\/div>\n\t\t\t\t<\/div>\n\t\t\t\t\t<\/div>\n\t\t\t\t<\/div>\n\t\t<div class=\"elementor-element elementor-element-d31a1a2 e-flex e-con-boxed e-con e-parent\" data-id=\"d31a1a2\" data-element_type=\"container\" data-e-type=\"container\" data-settings=\"{&quot;background_background&quot;:&quot;classic&quot;}\">\n\t\t\t\t\t<div class=\"e-con-inner\">\n\t\t<div class=\"elementor-element elementor-element-1366167 e-con-full e-flex e-con e-child\" data-id=\"1366167\" data-element_type=\"container\" data-e-type=\"container\">\n\t\t\t\t<div class=\"elementor-element elementor-element-ec41a85 elementor-invisible elementor-widget elementor-widget-heading\" data-id=\"ec41a85\" data-element_type=\"widget\" data-e-type=\"widget\" data-settings=\"{&quot;_animation&quot;:&quot;fadeInLeft&quot;}\" data-widget_type=\"heading.default\">\n\t\t\t\t<div class=\"elementor-widget-container\">\n\t\t\t\t\t<h6 class=\"elementor-heading-title elementor-size-default\">Consulta nuestras soluciones para tu sector<\/h6>\t\t\t\t<\/div>\n\t\t\t\t<\/div>\n\t\t\t\t<div class=\"elementor-element elementor-element-8fa8f6e elementor-widget__width-initial elementor-absolute elementor-widget elementor-widget-image\" data-id=\"8fa8f6e\" data-element_type=\"widget\" data-e-type=\"widget\" data-settings=\"{&quot;_position&quot;:&quot;absolute&quot;}\" data-widget_type=\"image.default\">\n\t\t\t\t<div class=\"elementor-widget-container\">\n\t\t\t\t\t\t\t\t\t\t\t\t\t\t\t<img fetchpriority=\"high\" decoding=\"async\" width=\"325\" height=\"286\" src=\"https:\/\/hyundai.boadella.com\/wp-content\/uploads\/2025\/03\/aset-home02-green-fixed.png\" class=\"attachment-large size-large wp-image-519\" alt=\"\" srcset=\"https:\/\/hyundai.boadella.com\/wp-content\/uploads\/2025\/03\/aset-home02-green-fixed.png 325w, https:\/\/hyundai.boadella.com\/wp-content\/uploads\/2025\/03\/aset-home02-green-fixed-300x264.png 300w\" sizes=\"(max-width: 325px) 100vw, 325px\" \/>\t\t\t\t\t\t\t\t\t\t\t\t\t\t\t<\/div>\n\t\t\t\t<\/div>\n\t\t\t\t<div class=\"elementor-element elementor-element-d058996 elementor-invisible elementor-widget elementor-widget-heading\" data-id=\"d058996\" data-element_type=\"widget\" data-e-type=\"widget\" data-settings=\"{&quot;_animation&quot;:&quot;fadeInLeft&quot;}\" data-widget_type=\"heading.default\">\n\t\t\t\t<div class=\"elementor-widget-container\">\n\t\t\t\t\t<h2 class=\"elementor-heading-title elementor-size-default\">Importador oficial Hyundai CE en Catalu\u00f1a, Arag\u00f3n, Baleares y Castell\u00f3n<\/h2>\t\t\t\t<\/div>\n\t\t\t\t<\/div>\n\t\t\t\t<div class=\"elementor-element elementor-element-145d809 elementor-widget elementor-widget-spacer\" data-id=\"145d809\" data-element_type=\"widget\" data-e-type=\"widget\" data-widget_type=\"spacer.default\">\n\t\t\t\t<div class=\"elementor-widget-container\">\n\t\t\t\t\t\t\t<div class=\"elementor-spacer\">\n\t\t\t<div class=\"elementor-spacer-inner\"><\/div>\n\t\t<\/div>\n\t\t\t\t\t\t<\/div>\n\t\t\t\t<\/div>\n\t\t\t\t<div class=\"elementor-element elementor-element-aec280d elementor-tablet-align-justify elementor-invisible elementor-widget elementor-widget-button\" data-id=\"aec280d\" data-element_type=\"widget\" data-e-type=\"widget\" data-settings=\"{&quot;_animation&quot;:&quot;fadeIn&quot;}\" data-widget_type=\"button.default\">\n\t\t\t\t<div class=\"elementor-widget-container\">\n\t\t\t\t\t\t\t\t\t<div class=\"elementor-button-wrapper\">\n\t\t\t\t\t<a class=\"elementor-button elementor-button-link elementor-size-sm\" href=\"https:\/\/hyundai.boadella.com\/es\/contactar\/\">\n\t\t\t\t\t\t<span class=\"elementor-button-content-wrapper\">\n\t\t\t\t\t\t\t\t\t<span class=\"elementor-button-text\">cont\u00e1ctanos<\/span>\n\t\t\t\t\t<\/span>\n\t\t\t\t\t<\/a>\n\t\t\t\t<\/div>\n\t\t\t\t\t\t\t\t<\/div>\n\t\t\t\t<\/div>\n\t\t\t\t<\/div>\n\t\t\t\t\t<\/div>\n\t\t\t\t<\/div>\n\t\t\t\t<\/div>\n\t\t","protected":false},"excerpt":{"rendered":"<p>ACTUALIDAD Inf\u00f3rmate, f\u00f3rmate y ant\u00edcate El mundo Hyundai, en constante evoluci\u00f3n Consulta nuestras soluciones para tu sector Importador oficial Hyundai CE en Catalu\u00f1a, Arag\u00f3n, Baleares y Castell\u00f3n cont\u00e1ctanos<\/p>\n","protected":false},"author":2,"featured_media":0,"parent":0,"menu_order":0,"comment_status":"closed","ping_status":"closed","template":"elementor_header_footer","meta":{"footnotes":""},"class_list":["post-1240","page","type-page","status-publish","hentry"],"yoast_head":"<!-- This site is optimized with the Yoast SEO plugin v26.8 - https:\/\/yoast.com\/product\/yoast-seo-wordpress\/ -->\n<title>Actualidad - Boadella Hyundai - Distribu\u00efdor oficial Catalunya, Arag\u00f3, Illes Balears i Castell\u00f3<\/title>\n<meta name=\"robots\" content=\"index, follow, max-snippet:-1, max-image-preview:large, max-video-preview:-1\" \/>\n<link rel=\"canonical\" href=\"https:\/\/hyundai.boadella.com\/es\/actualidad\/\" \/>\n<meta property=\"og:locale\" content=\"es_ES\" \/>\n<meta property=\"og:type\" content=\"article\" \/>\n<meta property=\"og:title\" content=\"Actualidad - Boadella Hyundai - Distribu\u00efdor oficial Catalunya, Arag\u00f3, Illes Balears i Castell\u00f3\" \/>\n<meta property=\"og:description\" content=\"ACTUALIDAD Inf\u00f3rmate, f\u00f3rmate y ant\u00edcate El mundo Hyundai, en constante evoluci\u00f3n Consulta nuestras soluciones para tu sector Importador oficial Hyundai CE en Catalu\u00f1a, Arag\u00f3n, Baleares y Castell\u00f3n cont\u00e1ctanos\" \/>\n<meta property=\"og:url\" content=\"https:\/\/hyundai.boadella.com\/es\/actualidad\/\" \/>\n<meta property=\"og:site_name\" content=\"Boadella Hyundai - Distribu\u00efdor oficial Catalunya, Arag\u00f3, Illes Balears i Castell\u00f3\" \/>\n<meta property=\"article:modified_time\" content=\"2025-11-20T14:59:43+00:00\" \/>\n<meta property=\"og:image\" content=\"https:\/\/hyundai.boadella.com\/wp-content\/uploads\/2025\/03\/aset-home02-green-fixed.png\" \/>\n<meta name=\"twitter:card\" content=\"summary_large_image\" \/>\n<script type=\"application\/ld+json\" class=\"yoast-schema-graph\">{\"@context\":\"https:\/\/schema.org\",\"@graph\":[{\"@type\":\"WebPage\",\"@id\":\"https:\/\/hyundai.boadella.com\/es\/actualidad\/\",\"url\":\"https:\/\/hyundai.boadella.com\/es\/actualidad\/\",\"name\":\"Actualidad - Boadella Hyundai - Distribu\u00efdor oficial Catalunya, Arag\u00f3, Illes Balears i Castell\u00f3\",\"isPartOf\":{\"@id\":\"https:\/\/hyundai.boadella.com\/es\/#website\"},\"primaryImageOfPage\":{\"@id\":\"https:\/\/hyundai.boadella.com\/es\/actualidad\/#primaryimage\"},\"image\":{\"@id\":\"https:\/\/hyundai.boadella.com\/es\/actualidad\/#primaryimage\"},\"thumbnailUrl\":\"https:\/\/hyundai.boadella.com\/wp-content\/uploads\/2025\/03\/aset-home02-green-fixed.png\",\"datePublished\":\"2025-03-26T13:46:59+00:00\",\"dateModified\":\"2025-11-20T14:59:43+00:00\",\"breadcrumb\":{\"@id\":\"https:\/\/hyundai.boadella.com\/es\/actualidad\/#breadcrumb\"},\"inLanguage\":\"es\",\"potentialAction\":[{\"@type\":\"ReadAction\",\"target\":[\"https:\/\/hyundai.boadella.com\/es\/actualidad\/\"]}]},{\"@type\":\"ImageObject\",\"inLanguage\":\"es\",\"@id\":\"https:\/\/hyundai.boadella.com\/es\/actualidad\/#primaryimage\",\"url\":\"https:\/\/hyundai.boadella.com\/wp-content\/uploads\/2025\/03\/aset-home02-green-fixed.png\",\"contentUrl\":\"https:\/\/hyundai.boadella.com\/wp-content\/uploads\/2025\/03\/aset-home02-green-fixed.png\"},{\"@type\":\"BreadcrumbList\",\"@id\":\"https:\/\/hyundai.boadella.com\/es\/actualidad\/#breadcrumb\",\"itemListElement\":[{\"@type\":\"ListItem\",\"position\":1,\"name\":\"Portada\",\"item\":\"https:\/\/hyundai.boadella.com\/es\/\"},{\"@type\":\"ListItem\",\"position\":2,\"name\":\"Actualidad\"}]},{\"@type\":\"WebSite\",\"@id\":\"https:\/\/hyundai.boadella.com\/es\/#website\",\"url\":\"https:\/\/hyundai.boadella.com\/es\/\",\"name\":\"Boadella Hyundai - Distribu\u00efdor oficial Catalunya, Arag\u00f3, Illes Balears i Castell\u00f3\",\"description\":\"Distribu\u00efdor oficial de Hyundai Construction Equipment\",\"publisher\":{\"@id\":\"https:\/\/hyundai.boadella.com\/es\/#organization\"},\"potentialAction\":[{\"@type\":\"SearchAction\",\"target\":{\"@type\":\"EntryPoint\",\"urlTemplate\":\"https:\/\/hyundai.boadella.com\/es\/?s={search_term_string}\"},\"query-input\":{\"@type\":\"PropertyValueSpecification\",\"valueRequired\":true,\"valueName\":\"search_term_string\"}}],\"inLanguage\":\"es\"},{\"@type\":\"Organization\",\"@id\":\"https:\/\/hyundai.boadella.com\/es\/#organization\",\"name\":\"Boadella Hyundai - Distribu\u00efdor oficial Catalunya, Arag\u00f3, Illes Balears i Castell\u00f3\",\"url\":\"https:\/\/hyundai.boadella.com\/es\/\",\"logo\":{\"@type\":\"ImageObject\",\"inLanguage\":\"es\",\"@id\":\"https:\/\/hyundai.boadella.com\/es\/#\/schema\/logo\/image\/\",\"url\":\"https:\/\/hyundai.boadella.com\/wp-content\/uploads\/2025\/03\/logo_b_h.png\",\"contentUrl\":\"https:\/\/hyundai.boadella.com\/wp-content\/uploads\/2025\/03\/logo_b_h.png\",\"width\":515,\"height\":149,\"caption\":\"Boadella Hyundai - Distribu\u00efdor oficial Catalunya, Arag\u00f3, Illes Balears i Castell\u00f3\"},\"image\":{\"@id\":\"https:\/\/hyundai.boadella.com\/es\/#\/schema\/logo\/image\/\"}}]}<\/script>\n<!-- \/ Yoast SEO plugin. -->","yoast_head_json":{"title":"Actualidad - Boadella Hyundai - Distribu\u00efdor oficial Catalunya, Arag\u00f3, Illes Balears i Castell\u00f3","robots":{"index":"index","follow":"follow","max-snippet":"max-snippet:-1","max-image-preview":"max-image-preview:large","max-video-preview":"max-video-preview:-1"},"canonical":"https:\/\/hyundai.boadella.com\/es\/actualidad\/","og_locale":"es_ES","og_type":"article","og_title":"Actualidad - Boadella Hyundai - Distribu\u00efdor oficial Catalunya, Arag\u00f3, Illes Balears i Castell\u00f3","og_description":"ACTUALIDAD Inf\u00f3rmate, f\u00f3rmate y ant\u00edcate El mundo Hyundai, en constante evoluci\u00f3n Consulta nuestras soluciones para tu sector Importador oficial Hyundai CE en Catalu\u00f1a, Arag\u00f3n, Baleares y Castell\u00f3n cont\u00e1ctanos","og_url":"https:\/\/hyundai.boadella.com\/es\/actualidad\/","og_site_name":"Boadella Hyundai - Distribu\u00efdor oficial Catalunya, Arag\u00f3, Illes Balears i Castell\u00f3","article_modified_time":"2025-11-20T14:59:43+00:00","og_image":[{"url":"https:\/\/hyundai.boadella.com\/wp-content\/uploads\/2025\/03\/aset-home02-green-fixed.png","type":"","width":"","height":""}],"twitter_card":"summary_large_image","schema":{"@context":"https:\/\/schema.org","@graph":[{"@type":"WebPage","@id":"https:\/\/hyundai.boadella.com\/es\/actualidad\/","url":"https:\/\/hyundai.boadella.com\/es\/actualidad\/","name":"Actualidad - Boadella Hyundai - Distribu\u00efdor oficial Catalunya, Arag\u00f3, Illes Balears i Castell\u00f3","isPartOf":{"@id":"https:\/\/hyundai.boadella.com\/es\/#website"},"primaryImageOfPage":{"@id":"https:\/\/hyundai.boadella.com\/es\/actualidad\/#primaryimage"},"image":{"@id":"https:\/\/hyundai.boadella.com\/es\/actualidad\/#primaryimage"},"thumbnailUrl":"https:\/\/hyundai.boadella.com\/wp-content\/uploads\/2025\/03\/aset-home02-green-fixed.png","datePublished":"2025-03-26T13:46:59+00:00","dateModified":"2025-11-20T14:59:43+00:00","breadcrumb":{"@id":"https:\/\/hyundai.boadella.com\/es\/actualidad\/#breadcrumb"},"inLanguage":"es","potentialAction":[{"@type":"ReadAction","target":["https:\/\/hyundai.boadella.com\/es\/actualidad\/"]}]},{"@type":"ImageObject","inLanguage":"es","@id":"https:\/\/hyundai.boadella.com\/es\/actualidad\/#primaryimage","url":"https:\/\/hyundai.boadella.com\/wp-content\/uploads\/2025\/03\/aset-home02-green-fixed.png","contentUrl":"https:\/\/hyundai.boadella.com\/wp-content\/uploads\/2025\/03\/aset-home02-green-fixed.png"},{"@type":"BreadcrumbList","@id":"https:\/\/hyundai.boadella.com\/es\/actualidad\/#breadcrumb","itemListElement":[{"@type":"ListItem","position":1,"name":"Portada","item":"https:\/\/hyundai.boadella.com\/es\/"},{"@type":"ListItem","position":2,"name":"Actualidad"}]},{"@type":"WebSite","@id":"https:\/\/hyundai.boadella.com\/es\/#website","url":"https:\/\/hyundai.boadella.com\/es\/","name":"Boadella Hyundai - Distribu\u00efdor oficial Catalunya, Arag\u00f3, Illes Balears i Castell\u00f3","description":"Distribu\u00efdor oficial de Hyundai Construction Equipment","publisher":{"@id":"https:\/\/hyundai.boadella.com\/es\/#organization"},"potentialAction":[{"@type":"SearchAction","target":{"@type":"EntryPoint","urlTemplate":"https:\/\/hyundai.boadella.com\/es\/?s={search_term_string}"},"query-input":{"@type":"PropertyValueSpecification","valueRequired":true,"valueName":"search_term_string"}}],"inLanguage":"es"},{"@type":"Organization","@id":"https:\/\/hyundai.boadella.com\/es\/#organization","name":"Boadella Hyundai - Distribu\u00efdor oficial Catalunya, Arag\u00f3, Illes Balears i Castell\u00f3","url":"https:\/\/hyundai.boadella.com\/es\/","logo":{"@type":"ImageObject","inLanguage":"es","@id":"https:\/\/hyundai.boadella.com\/es\/#\/schema\/logo\/image\/","url":"https:\/\/hyundai.boadella.com\/wp-content\/uploads\/2025\/03\/logo_b_h.png","contentUrl":"https:\/\/hyundai.boadella.com\/wp-content\/uploads\/2025\/03\/logo_b_h.png","width":515,"height":149,"caption":"Boadella Hyundai - Distribu\u00efdor oficial Catalunya, Arag\u00f3, Illes Balears i Castell\u00f3"},"image":{"@id":"https:\/\/hyundai.boadella.com\/es\/#\/schema\/logo\/image\/"}}]}},"_links":{"self":[{"href":"https:\/\/hyundai.boadella.com\/es\/wp-json\/wp\/v2\/pages\/1240","targetHints":{"allow":["GET"]}}],"collection":[{"href":"https:\/\/hyundai.boadella.com\/es\/wp-json\/wp\/v2\/pages"}],"about":[{"href":"https:\/\/hyundai.boadella.com\/es\/wp-json\/wp\/v2\/types\/page"}],"author":[{"embeddable":true,"href":"https:\/\/hyundai.boadella.com\/es\/wp-json\/wp\/v2\/users\/2"}],"replies":[{"embeddable":true,"href":"https:\/\/hyundai.boadella.com\/es\/wp-json\/wp\/v2\/comments?post=1240"}],"version-history":[{"count":6,"href":"https:\/\/hyundai.boadella.com\/es\/wp-json\/wp\/v2\/pages\/1240\/revisions"}],"predecessor-version":[{"id":1691,"href":"https:\/\/hyundai.boadella.com\/es\/wp-json\/wp\/v2\/pages\/1240\/revisions\/1691"}],"wp:attachment":[{"href":"https:\/\/hyundai.boadella.com\/es\/wp-json\/wp\/v2\/media?parent=1240"}],"curies":[{"name":"wp","href":"https:\/\/api.w.org\/{rel}","templated":true}]}}